{"id":8150,"date":"2020-12-19T09:11:59","date_gmt":"2020-12-19T08:11:59","guid":{"rendered":"http:\/\/micunco.webicones.it\/?page_id=8150"},"modified":"2020-12-19T09:12:23","modified_gmt":"2020-12-19T08:12:23","slug":"termini-e-condizioni","status":"publish","type":"page","link":"https:\/\/micunco.it\/nuovo\/termini-e-condizioni\/","title":{"rendered":"Termini e condizioni"},"content":{"rendered":"<div class=\"row\">\n<div class=\"col-md-12 text-justify\">\n<div class=\"wpb_text_column wpb_content_element \">\n<div class=\"wpb_wrapper\">\n<p><strong>1. Campo d\u2019applicazione<\/strong><br \/>\nLe presenti condizioni generali di vendita sono applicabili a tutte le vendite dei prodotti concluse a distanza attraverso il sito internet https:\/\/micunco.webicones.it<br \/>\nLe presenti condizioni generali di vendita a distanza devono essere accuratamente esaminate dal Cliente prima del completamento della procedura di acquisto a distanza del prodotto. Resta inteso che l\u2019effettuazione dell\u2019ordine di acquisto attraverso questo sito internet implica totale e assoluta conoscenza delle presenti condizioni generali di vendita e loro integrale accettazione: il Cliente, con l\u2019effettuazione dell\u2019ordine d\u2019acquisto attraverso il sito internet https:\/\/micunco.webicones.it, accetta incondizionatamente e si obbliga ad osservare le presenti condizioni generali di vendita, nonch\u00e9 le condizioni di pagamento di seguito illustrate, dichiarando di aver preso visione ed accettato tutte le indicazioni a lui fornite.<br \/>\nLe presenti condizioni generali di vendita sono da considerare applicabili ed in vigore fintantoch\u00e9 le stesse risultino pubblicate sul presente sito internet. L\u2019eventuale modifica delle condizioni generali di vendita in oggetto, verr\u00e0 pubblicata sul sito e le nuove condizioni generali di vendita saranno applicabili esclusivamente agli ordini effettuati a partire dal giorno della loro pubblicazione.<\/p>\n<\/div>\n<\/div>\n<div class=\"vc_empty_space\"><\/div>\n<div class=\"wpb_text_column wpb_content_element \">\n<div class=\"wpb_wrapper\">\n<p><strong>2. Identificazione del venditore e del titolare del sito<\/strong><br \/>\n<strong>La Bottega del Marmo s.r.l.<\/strong>, con sede legale in Altamura (BA), via Graviscella 22 \u2013 c.a.p. 70022, (E-mail: info@micunco.it, Tel.: +39 0803101189).<\/p>\n<p>Indirizzo email: info@micunco.it<br \/>\nMicunco Stone Design e La Bottega del Marmo s.r.l. identificano la medesima azienda.<\/p>\n<\/div>\n<\/div>\n<div class=\"vc_empty_space\"><\/div>\n<div class=\"wpb_text_column wpb_content_element \">\n<div class=\"wpb_wrapper\">\n<p><strong>3. Informazioni relative al prodotto<\/strong><br \/>\nLe informazioni relative ai prodotti suscettibili di vendita a distanza attraverso il presente sito internet sono fornite in conformit\u00e0 alle leggi in vigore e, in particolare, agli articoli 52 e 53 del Codice del Consumo (D. Lgs. 6 settembre 2005 n. 206).<\/p>\n<\/div>\n<\/div>\n<div class=\"vc_empty_space\"><\/div>\n<div class=\"wpb_text_column wpb_content_element \">\n<div class=\"wpb_wrapper\">\n<p><strong>4. Modalit\u00e0 di perfezionamento del contratto<\/strong><br \/>\nLe presenti informazioni ed i dettagli contenuti in questo sito web non costituiscono un\u2019offerta di vendita, bens\u00ec un invito alla contrattazione. Non sussister\u00e0 alcun contratto tra il Cliente e la ditta Micunco Stone Design in relazione ad eventuali prodotti fino a quando l\u2019ordine non sar\u00e0 stato esplicitamente accettato da Micunco Stone Design con una delle modalit\u00e0 in seguito descritte. Qualora l\u2019offerta non venisse accettata e fosse gi\u00e0 stato fatto un addebito sul conto del Cliente, il relativo importo sar\u00e0 restituito allo stesso nella sua totalit\u00e0.<br \/>\nPer effettuare un ordine, il Cliente dovr\u00e0 seguire il procedimento d\u2019acquisto on-line e completarne l\u2019iter. Successivamente, ricever\u00e0 un\u2019e-mail indicante l\u2019avvenuta ricezione dell\u2019ordine. Ci\u00f2 non comporter\u00e0 l\u2019accettazione dell\u2019ordine, poich\u00e9 lo stesso costituisce un\u2019offerta che il Cliente fa nei confronti di Micunco Stone Design per l\u2019acquisto di uno o pi\u00f9 prodotti. Tutti gli ordini, salvo eccezioni, saranno soggetti all\u2019approvazione di Micunco Stone Design mediante l\u2019invio di un\u2019e-mail di conferma entro 2 giorni lavorativi successivi alla ricezione del pagamento, indicante l\u2019avvenuta ricezione del pagamento, la disponibilit\u00e0 dei prodotti e che l\u2019ordine \u00e8 in fase di preparazione. Il contratto tra la ditta Micunco Stone Design ed il Cliente sar\u00e0 pertanto perfezionato soltanto quando o invieremo la Conferma dell\u2019ordine (e saranno oggetto del Contratto unicamente i prodotti indicati in tale e-mail di conferma) oppure quando il Cliente avr\u00e0 ricevuto dallo Spedizioniere il pacco relativo all\u2019ordine ricevuto (e saranno oggetto del Contratto unicamente i prodotti presenti nel pacco). Micunco Stone Design\u00a0non avr\u00e0 l\u2019obbligo di fornire altri prodotti, oltre a quelli indicati nella Conferma dell\u2019ordine al Cliente oppure presenti nel pacco relativo ricevuto dallo Spedizioniere, che possano essere stati oggetto di ordine, fino a che non sar\u00e0 inviata la Conferma dell\u2019ordine al Cliente degli stessi in una Conferma dell\u2019ordine a parte. Qualora risultino mancanti dei prodotti nella Conferma dell\u2019ordine oppure nel pacco relativo ricevuto dallo Spedizioniere, e tale fatto sia decisione di Micunco Stone Design, il relativo importo sar\u00e0 immediatamente rimborsato.<br \/>\nMicunco Stone Design \u00a0 \u00a0 \u00a0si riserva la possibilit\u00e0 di comunicare entro 2 giorni lavorativi successivi all\u2019invio al Cliente dell\u2019e-mail indicante l\u2019avvenuta ricezione dell\u2019ordine, l\u2019eventuale impossibilit\u00e0 di evasione dell\u2019ordine stesso, cui seguir\u00e0 la contestuale eventuale restituzione dell\u2019importo eventualmente pagato, dovuta al sopravvenuto esaurimento merci oppure a cause di forza maggiore.<\/p>\n<\/div>\n<\/div>\n<div class=\"vc_empty_space\"><\/div>\n<div class=\"wpb_text_column wpb_content_element \">\n<div class=\"wpb_wrapper\">\n<p><strong>5. Prezzo del prodotto<\/strong><br \/>\nI prezzi del sito web sono comprensivi di IVA al 22% ed includono le spese di spedizione per il territorio italiano, salvo dove diversamente indicato.<br \/>\nLe spese di spedizione relative a Paesi diversi dall\u2019Italia sar\u00e0 opportunamente indicata.<br \/>\nIn conformit\u00e0 a quanto disposto all\u2019art. 53 del Codice del Consumo, il Cliente riceve, al momento dell\u2019accettazione da parte di Micunco Stone Design del proprio ordine per e-mail, la conferma scritta riportante l\u2019informazione circa i prodotti ordinati, l\u2019importo pagato e il dettaglio del prezzo di ogni prodotto.<\/p>\n<\/div>\n<\/div>\n<div class=\"vc_empty_space\"><\/div>\n<div class=\"wpb_text_column wpb_content_element \">\n<div class=\"wpb_wrapper\">\n<p><strong>6. Condizioni di pagamento<\/strong><br \/>\nIl pagamento da parte del Cliente pu\u00f2 essere effettuato esclusivamente mediante bonifico bancario o assegno bancario.<br \/>\nIl Bonifico Bancario prevede il versamento sul conto corrente bancario intestato a Micunco Stone Design. In questo caso, a ricevimento del bonifico, l\u2019ordine verr\u00e0 eventualmente confermato al Cliente tramite e-mail, quindi la merce verr\u00e0 spedita all\u2019indirizzo indicato nell\u2019ordine.<br \/>\nNon saremo responsabili delle commissioni eventualmente applicate dall\u2019istituto emittente della carta o dalla banca responsabile dell\u2019elaborazione del pagamento con carta di credito\/debito in conformit\u00e0 con il vostro ordine. All\u2019avvenuto pagamento Micunco Stone Design provveder\u00e0 a elaborare l\u2019ordine, poi eventualmente lo stesso sar\u00e0 confermato tramite l\u2019e-mail di Conferma, con cui la merce verr\u00e0 spedita all\u2019indirizzo indicato nell\u2019ordine.<\/p>\n<\/div>\n<\/div>\n<div class=\"vc_empty_space\"><\/div>\n<div class=\"wpb_text_column wpb_content_element \">\n<div class=\"wpb_wrapper\">\n<p><strong>7. Consegna<\/strong><br \/>\nLa consegna dei prodotti viene effettuata all\u2019indirizzo di spedizione indicato dal Cliente nell\u2019ordine inoltrato alla ditta Micunco Stone Design.<br \/>\nIn ottemperanza alla disposizione contenuta all\u2019art. 54 del Codice del Consumo, Micunco Stone Design eseguir\u00e0 la consegna dei prodotti entro e non oltre 30 giorni a decorrere dal giorno in cui Micunco Stone Design avr\u00e0 confermato l\u2019ordine del Cliente.<br \/>\nLa ditta Micunco Stone Design consegna i prodotti mediante corriere espresso.<br \/>\nAl momento della consegna del pacco al corriere, verr\u00e0 inoltrata al Cliente, salvo eccezioni, un\u2019e-mail di avvenuta spedizione.<br \/>\nNel caso in cui, al ricevimento del pacco, il Cliente rilevi dei danni allo stesso, il Cliente deve comunicare il danneggiamento entro le 72 ore lavorative successive alla data di consegna, tramite la casella di posta elettronica info@micunco.it indicando nell\u2019oggetto \u201cOrdine numero N \u2013 Danneggiato\u201d. Il cliente dovr\u00e0 a questo punto inoltrare una richiesta di reso secondo le modalit\u00e0 indicate nel relativo punto delle presenti Condizioni di Acquisto.<br \/>\nIl Cliente deve comunicare a Micunco Stone Design la mancata consegna dei prodotti, tramite la casella di posta elettronica info@micunco.it indicando nell\u2019oggetto \u201cOrdine numero N \u2013 Mancata consegna\u201d.<br \/>\nMicunco Stone Design si impegna a garantire una nuova spedizione dei prodotti smarriti entro le 72 ore lavorative successive la segnalazione tramite apposita e-mail, fatta salva la sopravvenuta indisponibilit\u00e0 degli stessi o cause di forza maggiore. In questo caso, seguir\u00e0 l\u2019immediato annullamento dell\u2019ordine e la contestuale restituzione dell\u2019importo pagato.<\/p>\n<\/div>\n<\/div>\n<div class=\"vc_empty_space\"><\/div>\n<div class=\"wpb_text_column wpb_content_element \">\n<div class=\"wpb_wrapper\">\n<p><strong>8. Limitazione di responsabilit\u00e0<\/strong><br \/>\nMicunco Stone Design sostituir\u00e0 gratuitamente o rimborser\u00e0 qualsiasi prodotto venduto che sia stato danneggiato in occasione della spedizione effettuata dal proprio spedizioniere, a condizione che:<br \/>\n\u2013 il Cliente abbia comunicato per iscritto all\u2019indirizzo info@micunco.it (indicando nell\u2019oggetto \u201cOrdine numero N \u2013 Reso per danneggiamento\u201d) il danneggiamento entro le 72 ore lavorative successive alla data di consegna, e<br \/>\n\u2013 il Cliente metta a disposizione di Micunco Stone Design il prodotto in questione, unitamente alla confezione originale.<br \/>\nQualora anche solo una delle condizioni sopra riportate non venga rispettata, Micunco Stone Design non effettuer\u00e0 il riaccredito dell\u2019importo pagato, n\u00e9 provveder\u00e0 a sostituire il prodotto. Micunco Stone Design, in tal caso, comunicher\u00e0 via e-mail il rifiuto del reso.<\/p>\n<\/div>\n<\/div>\n<div class=\"vc_empty_space\"><\/div>\n<div class=\"wpb_text_column wpb_content_element \">\n<div class=\"wpb_wrapper\">\n<p><strong>9. Forza maggiore<\/strong><br \/>\nL\u2019esecuzione delle prestazioni da parte di Micunco Stone Design pu\u00f2 essere sospesa in caso di sopravvenienza di un caso fortuito o di forza maggiore che ne impedisca o ne ritardi l\u2019esecuzione. Sono considerati come tali, a titolo esemplificativo e non esaustivo, gli scioperi e i problemi di approvvigionamento di Micunco Stone Design imputabili a terzi fornitori e non.<br \/>\nMicunco Stone Design informer\u00e0 il Cliente del verificarsi del caso fortuito o di forza maggiore nel termine di 7 giorni dal verificarsi dello stesso.<br \/>\nNel caso in cui la sospensione della prestazione dovesse prolungarsi per un termine superiore a 15 giorni, il Cliente avr\u00e0 la possibilit\u00e0 di annullare l\u2019ordine effettuato e verr\u00e0 rimborsato degli importi gi\u00e0 pagati.<\/p>\n<\/div>\n<\/div>\n<div class=\"vc_empty_space\"><\/div>\n<div class=\"wpb_text_column wpb_content_element \">\n<div class=\"wpb_wrapper\">\n<p><strong>10. Legge applicabile e foro competente<\/strong><br \/>\nLe presenti condizioni generali di vendita sono regolate dalla legge Italiana. In caso di controversie derivanti dall\u2019interpretazione, validit\u00e0 e\/o esecuzione delle presenti condizioni generali di vendita, il Cliente ha la facolt\u00e0 di tutelare i propri interessi attraverso una associazione dei consumatori nelle forme dell\u2019art. 140 del Codice del Consumo, o avviare una procedura di composizione extragiudiziale per la risoluzione delle controversie in materia di consumo ai sensi dell\u2019art. 141 del Codice del Consumo. E\u2019 fatta comunque salva per il Cliente la facolt\u00e0 di adire le vie ordinarie per la soluzione delle controversie derivanti dall\u2019interpretazione, validit\u00e0 e\/o esecuzione delle presenti condizioni generali di vendita e in questo caso la competenza territoriale sar\u00e0 quella del giudice del Foro di Bari.<\/p>\n<p><strong>11. Guida alle Spese di Spedizione<\/strong><br \/>\nLa spedizione sar\u00e0 affidata a un corriere espresso e per tutto il territorio nazionale sar\u00e0 gratuita, salvo dove diversamente indicato.<br \/>\nAl momento della consegna del pacco al corriere, verr\u00e0 inoltrata al Cliente un\u2019e-mail di avvenuta spedizione.<br \/>\nLa spedizione sar\u00e0 effettuata entro 5 giorni lavorativi dall\u2019invio al Cliente dell\u2019e-mail di Conferma.<\/p>\n<\/div>\n<\/div>\n<div class=\"wpb_text_column wpb_content_element \">\n<div class=\"wpb_wrapper\">\n<p>Nel caso in cui l\u2019utente non ricevesse la consegna, dovr\u00e0 comunicare alla casella di posta elettronica info@micunco.it la mancata consegna indicando in oggetto \u201cOrdine numero N non consegnato\u201d. La ditta Micunco Stone Design avvier\u00e0 un\u2019indagine presso il trasportatore utilizzato e dar\u00e0 risposta.<br \/>\nQualora la consegna non venisse espletata, l\u2019utente verr\u00e0 rimborsato del totale ordine comprese le spese di spedizione. In caso di consegna di un prodotto non conforme con quello ordinato, Micunco Stone Design si impegna a consegnare un prodotto identico a quello ordinato compatibilmente con le disponibilit\u00e0 di magazzino o a consegnare un prodotto di qualit\u00e0 e prezzo equivalenti. Per le richieste di tale natura inviare un\u2019e-mail a info@micunco.it indicando in oggetto \u201cOrdine numero N non conforme\u201d.<\/p>\n<\/div>\n<\/div>\n<div class=\"vc_empty_space\"><\/div>\n<div class=\"wpb_text_column wpb_content_element \">\n<div class=\"wpb_wrapper\">\n<h3>Recesso e reclami<\/h3>\n<p><strong>1. Diritto di recesso e restituzione dei prodotti<\/strong><br \/>\nIl Cliente pu\u00f2 esercitare il diritto di recesso previsto dall\u2019art. 64 del Codice del Consumo. \u00c8 nell\u2019interesse di Micunco Stone Design che il Cliente possa esercitare tale diritto di recesso nelle migliori condizioni possibili.<br \/>\nIl Cliente pu\u00f2 esercitare il diritto di recesso entro i 10 giorni successivi alla data di consegna dell\u2019ordine, quale certificata dallo spedizioniere.<br \/>\nIl diritto di recesso pu\u00f2 essere esercitato con riferimento a determinati prodotti e servizi indicati all\u2019art. 55, D. Lgs. n. 206\/2005 (Codice del Consumo). Il suddetto codice dispone inoltre che l\u2019utente non pu\u00f2 esercitare il diritto di recesso nei casi di fornitura di taluni beni e servizi tra cui i seguenti:<br \/>\n\u2013 beni che per loro natura non possono essere rispediti o rischiano di deteriorarsi o alterarsi rapidamente;<br \/>\n\u2013 beni privi dell\u2019imballo o confezione originale.<br \/>\nIl Cliente dovr\u00e0 manifestare la propria intenzione di esercitare il diritto di recesso mediante un\u2019e-mail all\u2019indirizzo info@micunco.it, indicando nell\u2019oggetto \u201cOrdine numero N \u2013 Reso\u201d e nel testo la modalit\u00e0 preferita di rimborso, cio\u00e8 tramite Conto PayPal del Cliente oppure Bonifico su conto corrente (con i relativi dati per eseguirlo).<br \/>\nIl diritto di recesso si esercita mediante la restituzione del prodotto a proprie spese, all\u2019indirizzo che verr\u00e0 segnalato da Micunco Stone Design in seguito all\u2019e-mail con oggetto \u201cOrdine numero N Reso\u201d. Al fine di beneficiare del diritto di recesso l\u2019utente dovr\u00e0 effettuare la spedizione del prodotto o dei prodotti entro 10 giorni dalla comunicazione dei dati per effettuare il recesso da parte di Micunco Stone Design. Il prodotto o i prodotti dovranno essere correttamente inseriti nelle confezioni originali e in perfetto stato (non rovinato e non danneggiato). Verificato che il prodotto reso sia conforme alle suddette specifiche, Micunco Stone Design provveder\u00e0 a versare entro 10 giorni dalla consegna dello stesso la somma pagata per l\u2019acquisto, escluse le spese di spedizione, sul conto corrente PayPal del Cliente o con Bonifico sull\u2019apposito conto corrente bancario segnalato nell\u2019e-mail con oggetto \u201cOrdine numero N Reso\u201d.<br \/>\nResta in ogni caso inteso che, secondo quanto previsto dall\u2019articolo 67 del Codice del Consumo, la sostanziale integrit\u00e0 del prodotto \u00e8 condizione essenziale per l\u2019esercizio del diritto di recesso da parte del Cliente. Pertanto, qualora i prodotti restituiti dal Cliente risultino danneggiati, incompleti, deteriorati e\/o utilizzati in modo non conforme alla normale diligenza in modo tale da comprometterne la sostanziale integrit\u00e0, essi non verranno rimborsati.<\/p>\n<p><strong>2. Reclami \u2013 Comunicazioni \u2013 Informazioni<\/strong><br \/>\nPer qualsiasi informazione o reclamo, o per qualsiasi comunicazione relativa alle condizioni generali di vendita per corrispondenza, agli ordini e\/o ai prodotti, il Cliente pu\u00f2 rivolgersi al \u201cServizio Clienti\u201d di Micunco Stone Design al numero +39 080 3101189 o inviare una mail all\u2019indirizzo info@micunco.it<\/p>\n<\/div>\n<\/div>\n<\/div>\n<\/div>\n<div class=\"row\">\n<div class=\"col-md-12 text-justify\"><\/div>\n<\/div>\n","protected":false},"excerpt":{"rendered":"<p>1. Campo d\u2019applicazione Le presenti condizioni generali di vendita sono applicabili a tutte le vendite dei prodotti concluse a distanza attraverso il sito internet https:\/\/micunco.webicones.it Le presenti condizioni generali di&#8230;<\/p>\n","protected":false},"author":1,"featured_media":0,"parent":0,"menu_order":27,"comment_status":"closed","ping_status":"closed","template":"","meta":{"footnotes":""},"class_list":["post-8150","page","type-page","status-publish"],"_links":{"self":[{"href":"https:\/\/micunco.it\/nuovo\/wp-json\/wp\/v2\/pages\/8150","targetHints":{"allow":["GET"]}}],"collection":[{"href":"https:\/\/micunco.it\/nuovo\/wp-json\/wp\/v2\/pages"}],"about":[{"href":"https:\/\/micunco.it\/nuovo\/wp-json\/wp\/v2\/types\/page"}],"author":[{"embeddable":true,"href":"https:\/\/micunco.it\/nuovo\/wp-json\/wp\/v2\/users\/1"}],"replies":[{"embeddable":true,"href":"https:\/\/micunco.it\/nuovo\/wp-json\/wp\/v2\/comments?post=8150"}],"version-history":[{"count":1,"href":"https:\/\/micunco.it\/nuovo\/wp-json\/wp\/v2\/pages\/8150\/revisions"}],"predecessor-version":[{"id":8151,"href":"https:\/\/micunco.it\/nuovo\/wp-json\/wp\/v2\/pages\/8150\/revisions\/8151"}],"wp:attachment":[{"href":"https:\/\/micunco.it\/nuovo\/wp-json\/wp\/v2\/media?parent=8150"}],"curies":[{"name":"wp","href":"https:\/\/api.w.org\/{rel}","templated":true}]}}