{"id":6273,"date":"2017-10-12T14:57:27","date_gmt":"2017-10-12T12:57:27","guid":{"rendered":"https:\/\/micunco.it\/nuovo\/?page_id=6273"},"modified":"2023-05-10T10:05:36","modified_gmt":"2023-05-10T08:05:36","slug":"guide","status":"publish","type":"page","link":"https:\/\/micunco.it\/nuovo\/guide\/","title":{"rendered":"Guide"},"content":{"rendered":"[vc_row type=&#8221;in_container&#8221; full_screen_row_position=&#8221;middle&#8221; column_margin=&#8221;default&#8221; column_direction=&#8221;default&#8221; column_direction_tablet=&#8221;default&#8221; column_direction_phone=&#8221;default&#8221; scene_position=&#8221;center&#8221; top_padding=&#8221;50&#8243; bottom_padding=&#8221;50&#8243; text_color=&#8221;dark&#8221; text_align=&#8221;left&#8221; row_border_radius=&#8221;none&#8221; row_border_radius_applies=&#8221;bg&#8221; overflow=&#8221;visible&#8221; overlay_strength=&#8221;0.3&#8243; gradient_direction=&#8221;left_to_right&#8221; shape_divider_position=&#8221;bottom&#8221; bg_image_animation=&#8221;none&#8221;][vc_column column_padding=&#8221;no-extra-padding&#8221; column_padding_tablet=&#8221;inherit&#8221; column_padding_phone=&#8221;inherit&#8221; column_padding_position=&#8221;all&#8221; column_element_direction_desktop=&#8221;default&#8221; column_element_spacing=&#8221;default&#8221; desktop_text_alignment=&#8221;default&#8221; tablet_text_alignment=&#8221;default&#8221; phone_text_alignment=&#8221;default&#8221; background_color_opacity=&#8221;1&#8243; background_hover_color_opacity=&#8221;1&#8243; column_backdrop_filter=&#8221;none&#8221; column_shadow=&#8221;none&#8221; column_border_radius=&#8221;none&#8221; column_link_target=&#8221;_self&#8221; column_position=&#8221;default&#8221; gradient_direction=&#8221;left_to_right&#8221; overlay_strength=&#8221;0.3&#8243; width=&#8221;1\/6&#8243; tablet_width_inherit=&#8221;default&#8221; animation_type=&#8221;default&#8221; bg_image_animation=&#8221;none&#8221; border_type=&#8221;simple&#8221; column_border_width=&#8221;none&#8221; column_border_style=&#8221;solid&#8221;][\/vc_column][vc_column column_padding=&#8221;no-extra-padding&#8221; column_padding_tablet=&#8221;inherit&#8221; column_padding_phone=&#8221;inherit&#8221; column_padding_position=&#8221;all&#8221; column_element_direction_desktop=&#8221;default&#8221; column_element_spacing=&#8221;default&#8221; desktop_text_alignment=&#8221;default&#8221; tablet_text_alignment=&#8221;default&#8221; phone_text_alignment=&#8221;default&#8221; background_color_opacity=&#8221;1&#8243; background_hover_color_opacity=&#8221;1&#8243; column_backdrop_filter=&#8221;none&#8221; column_shadow=&#8221;none&#8221; column_border_radius=&#8221;none&#8221; column_link_target=&#8221;_self&#8221; column_position=&#8221;default&#8221; gradient_direction=&#8221;left_to_right&#8221; overlay_strength=&#8221;0.3&#8243; width=&#8221;2\/3&#8243; tablet_width_inherit=&#8221;default&#8221; animation_type=&#8221;default&#8221; bg_image_animation=&#8221;none&#8221; border_type=&#8221;simple&#8221; column_border_width=&#8221;none&#8221; column_border_style=&#8221;solid&#8221;][nectar_animated_title heading_tag=&#8221;h3&#8243; style=&#8221;color-strip-reveal&#8221; color=&#8221;Accent-Color&#8221; text=&#8221;Seleziona una tipologia di prodotto e segui le nostre guide e i consigli studiati su misura per te.&#8221;][toggles style=&#8221;minimal&#8221;][toggle color=&#8221;Default&#8221; heading_tag=&#8221;default&#8221; heading_tag_functionality=&#8221;default&#8221; title=&#8221;Materiali Ceramici&#8221;][vc_column_text]Le innovative superfici ceramiche rappresentano una vera rivoluzione in campo architettonico. Realizzati\u00a0con sofisticate materie prime impiegate nella produzione di vetro, ceramica e superfici in quarzo, il ceramico\u00a0si trasforma in un materiale dalle caratteristiche uniche sul mercato e con infinite possibilit\u00e0 di applicazione come piani, pavimenti, rivestimenti, facciate.<\/p>\n<p><strong>Pulizia<\/strong><\/p>\n<p>Per la pulizia utilizzate un panno morbido o in microfibra.\u00a0Gli alimenti comuni come olio, vino o succhi di frutta non danneggiano il piano.<\/p>\n<p><strong>Macchie<\/strong><\/p>\n<p>In presenza di macchie aggressive, sia dovute a prodotti resistenti ai detergenti di uso comune, sia perch\u00e9 tali macchie sono rimaste a lungo sulla superficie senza essere rimosse, si raccomanda l\u2019uso di prodotti specifici, come ad esempio: detergenti in crema con particelle abrasive o solventi (tipo acetone o solvente universale).<\/p>\n<p>&nbsp;<\/p>\n<p><strong>Calore<\/strong><\/p>\n<p>Recipienti come padelle, pentole e caffettiere possono essere appoggiati, dopo l\u2019uso, direttamente sulla superficie del materiale. Lo stesso vale per apparecchiature elettriche che generano calore.<\/p>\n<p><strong>Precauzioni<\/strong><\/p>\n<ul>\n<li>Evitare il contatto diretto con parti in metallo presenti su griglie elettriche, piastre o forni che, nel caso di installazione incorretta, potrebbero toccare direttamente il materiale.<\/li>\n<li>Evitare radiazioni dirette a temperature molto elevate come nel caso di caminetti, barbecue, ecc.<\/li>\n<li>Evitare il contatto diretto con la fiamma.<\/li>\n<li>Evitare il contatto prolungato con oggetti industriali dalle temperature estremamente elevate.<\/li>\n<li>Non effettuare interventi di lucidatura meccanica sulla superficie.<\/li>\n<li>Evitare di usare pagliette metalliche o abrasive.<\/li>\n<li>Evitare di usare coltelli con la lama in ceramica direttamente sulla superficie, poich\u00e9 la durezza dei due materiali \u00e8 molto simile<\/li>\n<\/ul>\n[\/vc_column_text][vc_column_text][\/vc_column_text][\/toggle][toggle color=&#8221;Default&#8221; heading_tag=&#8221;default&#8221; heading_tag_functionality=&#8221;default&#8221; title=&#8221;Piani in Granito&#8221;][vc_column_text]Di origine vulcanica, il granito \u00e8 una roccia che presenta cristalli di quarzo dalle dimensioni variabili. Essendo un materiale naturale, il granito pu\u00f2 subire delle variazioni nel corso del tempo. Questo non \u00e8 un difetto, ma una qualit\u00e0 che rende unica ogni cucina.<\/p>\n<p>&nbsp;<\/p>\n<p><strong>Pulizia<\/strong><\/p>\n<p>Per la pulizia quotidiana basta un panno in microfibra e detersivi neutri (per la finitura fiammata basta l\u2019acqua). Per lo sporco pi\u00f9 difficile evitate detersivi contenenti sostanze acide o anticalcaree e utilizzate pagliette non troppo ruvide. Gli aloni che potrebbero formarsi tendono comunque a essere assorbiti dopo circa 3 mesi. Passate il piano con un panno umido per ripulirlo dalla polvere provocata dall\u2019operazione di montaggio.<\/p>\n<p>&nbsp;<\/p>\n<p><strong>Macchie<\/strong><\/p>\n<p>Tutti i piani in granito delle nostre cucine vengono trattati con un accurato processo di impermeabilizzazione. Tuttavia col passare del tempo, l\u2019efficacia dell\u2019impermeabilizzazione tende a diminuire. Fate attenzione a non lasciar depositare a lungo liquidi come olio, aceto, vino, succhi di frutta e alimenti contenenti acido citrico (frutta e pomodori) che potrebbero creare opacizzazioni sulla superficie. Lo stesso vale per prodotti chimici per la pulizia. Per evitare questi inconvenienti \u00e8 importante ripetere il trattamento impermeabilizzante periodicamente.<\/p>\n<p>&nbsp;<\/p>\n<p><strong>Abrasioni<\/strong><\/p>\n<p>Il granito \u00e8 altamente resistente, ma per mantenere a lungo la lucentezza del piano, utilizzate sempre un tagliere quando maneggiati utensili affilati. Fate attenzione a non lasciar cadere oggetti pesanti, soprattutto sui bordi, per evitare graffi o scalfitture.<\/p>\n<p>&nbsp;<\/p>\n<p><strong>Calore.<\/strong><\/p>\n<p>Il granito ha una buona resistenza al calore, evitate comunque il contatto diretto col fuoco.<\/p>\n<p>&nbsp;<\/p>\n<p><strong>Acqua e vapore<\/strong><\/p>\n<p>Non lasciate che sul piano si formino depositi di acqua stagnante che potrebbero lasciare aloni di calcare o sostanze chimiche. Per evitare eventuali danni ai mobili sottostanti fate anche attenzione a possibili infiltrazioni che potrebbero verificarsi tra il piano e il muro e in corrispondenza della giunture. Ricordatevi di chiudere sempre l\u2019anta della lavastoviglie per evitare lo sgocciolare dell\u2019acqua ed evitate inoltre i getti di vapore troppo intensi.[\/vc_column_text][vc_column_text][\/vc_column_text][\/toggle][toggle color=&#8221;Default&#8221; heading_tag=&#8221;default&#8221; heading_tag_functionality=&#8221;default&#8221; title=&#8221;Piani in Marmo&#8221;][vc_column_text]Il marmo \u00e8 una roccia di origine naturale e pu\u00f2 quindi subire delle variazioni nel corso del tempo. Questo non \u00e8 un difetto, ma una qualit\u00e0 che rende unica ogni cucina.<\/p>\n<p>&nbsp;<\/p>\n<p><strong>Pulizia<\/strong><\/p>\n<p>Utilizzate un panno morbido o in microfibra con detersivi neutri privi di sostanze acide o anticalcaree. A fine montaggio passate il piano con un panno umido per ripulirlo dai resti del trattamento impermeabilizzante o dai resti di collanti.<\/p>\n<p>&nbsp;<\/p>\n<p><strong>Macchie<\/strong><\/p>\n<p>Tutti i piani in marmo delle nostre cucine vengono trattati con un accurato processo di impermeabilizzazione. Tuttavia dopo circa 3 mesi dal trattamento, l\u2019efficacia dell\u2019impermeabilizzazione tende a diminuire. Fate attenzione a non lasciar depositare a lungo liquidi come olio, aceto, vino e succhi di frutta, che potrebbero creare opacizzazioni sulla superficie. Lo stesso vale per prodotti chimici per la pulizia. Per evitare questi inconvenienti vi consigliamo di ripetere il trattamento impermeabilizzante periodicamente.<\/p>\n<p>&nbsp;<\/p>\n<p><strong>Abrasioni<\/strong><\/p>\n<p>Utilizzate sempre un tagliere quando maneggiati utensili affilati che potrebbero scalfire la superficie del piano. La struttura calcarea del marmo rende i piani non particolarmente resistenti.<\/p>\n<p>&nbsp;<\/p>\n<p><strong>Calore<\/strong><\/p>\n<p>Ricordatevi di utilizzare i sottopentola quando maneggiate oggetti che possono sviluppare calore, con particolare riguardo per caffettiere e ferri da stiro. Assicuratevi che gli elettrodomestici da appoggio, come il forno, siano correttamente isolati. In questo modo preservate il piano da spaccature o opacizzazioni che possono manifestarsi col passare del tempo.<\/p>\n<p>&nbsp;<\/p>\n<p><strong>Acqua e vapore<\/strong><\/p>\n<p>Non lasciate che sul piano si formino depositi di acqua stagnante che potrebbero lasciare aloni di calcare o sostanze chimiche. Per evitare eventuali danni ai mobili sottostanti fate anche attenzione a possibili infiltrazioni che potrebbero verificarsi tra il piano e il muro e in corrispondenza della giunture. Ricordatevi di chiudere sempre l\u2019anta della lavastoviglie a fine ciclo lavaggio ed evitate inoltre i getti di vapore troppo intensi.[\/vc_column_text][vc_column_text][\/vc_column_text][\/toggle][toggle color=&#8221;Default&#8221; heading_tag=&#8221;default&#8221; heading_tag_functionality=&#8221;default&#8221; title=&#8221;Piani in Quarzo&#8221;][vc_column_text]I piani sono costituiti per oltre il 90% da quarzo naturale e per il resto da resine acriliche pregiate e pigmenti colorati. Elemento distintivo dei piani in precomposto \u00e8 l\u2019alta resistenza alle abrasioni, alle sostanze chimiche e ai liquidi. Essendo formati principalmente da quarzo, i piani possono presentare piccole particelle di differente colore, questa non \u00e8 un difetto ma una caratteristica intrinseca del materiale.<\/p>\n<p>&nbsp;<\/p>\n<h3><strong>Pulizia<\/strong><\/h3>\n<p>Per la pulizia quotidiana utilizzate un panno in microfibra o una spugnetta. Gli alimenti comuni come olio, vino o succhi di frutta non danneggiano il piano.<\/p>\n<p>&nbsp;<\/p>\n<h3><strong>Macchie \u2013<\/strong>\u00a0<strong>finitura lucida<\/strong><\/h3>\n<p>La compattezza del piano in precomposto permette di rimuovere la macchie molto facilmente con detergenti comuni. Per le macchie pi\u00f9 difficili potete usare detersivi in crema o candeggina. Rimuovete il detergente subito dopo l\u2019applicazione con acqua e sapone, per evitare che si formino aloni causati da contatto prolungato, e asciugate con un panno. Evitate l\u2019uso quotidiano di detersivi molto aggressivi, come\u00a0<em>Chanteclair ultrapotente<\/em>. Il calcare pu\u00f2 essere rimosso con aceto bianco o con detergenti anticalcare che vanno lasciati agire per qualche minuto e poi sciacquati con una spugna umida. Evitate i detergenti anticalcare troppo concentrati che possono rovinare il lavello i piani cottura o il bordo in alluminio del top, ed evitate assolutamente il diluente.\u00a0<strong>Evitate inoltre detersivi tipo\u00a0<\/strong><em><strong>Cif<\/strong><\/em>\u00a0e alcool sui piani lucidi scuri, perch\u00e9 potrebbero rovinare la lucidatura o lasciare aloni. Per facilitare la pulizia non lasciate depositare acqua sul piano troppo a lungo.<\/p>\n<p>&nbsp;<\/p>\n<h3><strong>Abrasioni<\/strong><\/h3>\n<p>La resistenza del piano ai graffi e alle abrasioni vi permette di lavorare in cucina senza dover prendere particolari precauzioni. Per il mantenimento della bellezza del piano nel tempo vi consigliamo comunque di usare un tagliere quando maneggiate utensili affilati.<\/p>\n<p>&nbsp;<\/p>\n<h3><strong>Calore<\/strong><\/h3>\n<p>Il contatto breve con liquidi o cibo bollenti non causa alterazioni al piano. Ricordatevi per\u00f2 di utilizzare i sottopentola quando maneggiate oggetti che possono sviluppare calore, con particolare riguardo per caffettiere e ferri da stiro. Assicuratevi che gli elettrodomestici da appoggio, come il forno, siano correttamente isolati. In questo modo preservate il piano da spaccature irrimediabili o alterazione del colore che possono manifestarsi col passare del tempo.<\/p>\n<p>&nbsp;<\/p>\n<h3><strong>Acqua e vapore.<\/strong><\/h3>\n<p>Non lasciate stagnare a lungo l\u2019acqua sul piano e non sottoponete la superficie a prolungati getti di vapore, per evitare infiltrazioni tra il piano e il muro e tra le giunzioni.[\/vc_column_text][vc_column_text][\/vc_column_text][\/toggle][\/toggles][\/vc_column][vc_column column_padding=&#8221;no-extra-padding&#8221; column_padding_tablet=&#8221;inherit&#8221; column_padding_phone=&#8221;inherit&#8221; column_padding_position=&#8221;all&#8221; column_element_direction_desktop=&#8221;default&#8221; column_element_spacing=&#8221;default&#8221; desktop_text_alignment=&#8221;default&#8221; tablet_text_alignment=&#8221;default&#8221; phone_text_alignment=&#8221;default&#8221; background_color_opacity=&#8221;1&#8243; background_hover_color_opacity=&#8221;1&#8243; column_backdrop_filter=&#8221;none&#8221; column_shadow=&#8221;none&#8221; column_border_radius=&#8221;none&#8221; column_link_target=&#8221;_self&#8221; column_position=&#8221;default&#8221; gradient_direction=&#8221;left_to_right&#8221; overlay_strength=&#8221;0.3&#8243; width=&#8221;1\/6&#8243; tablet_width_inherit=&#8221;default&#8221; animation_type=&#8221;default&#8221; bg_image_animation=&#8221;none&#8221; border_type=&#8221;simple&#8221; column_border_width=&#8221;none&#8221; column_border_style=&#8221;solid&#8221;][\/vc_column][\/vc_row]\n","protected":false},"excerpt":{"rendered":"<p>[vc_row type=&#8221;in_container&#8221; full_screen_row_position=&#8221;middle&#8221; column_margin=&#8221;default&#8221; column_direction=&#8221;default&#8221; column_direction_tablet=&#8221;default&#8221; column_direction_phone=&#8221;default&#8221; scene_position=&#8221;center&#8221; top_padding=&#8221;50&#8243; bottom_padding=&#8221;50&#8243; text_color=&#8221;dark&#8221; text_align=&#8221;left&#8221; row_border_radius=&#8221;none&#8221; row_border_radius_applies=&#8221;bg&#8221; overflow=&#8221;visible&#8221; overlay_strength=&#8221;0.3&#8243; gradient_direction=&#8221;left_to_right&#8221; shape_divider_position=&#8221;bottom&#8221; bg_image_animation=&#8221;none&#8221;][vc_column column_padding=&#8221;no-extra-padding&#8221; column_padding_tablet=&#8221;inherit&#8221; column_padding_phone=&#8221;inherit&#8221; column_padding_position=&#8221;all&#8221; column_element_direction_desktop=&#8221;default&#8221; column_element_spacing=&#8221;default&#8221; desktop_text_alignment=&#8221;default&#8221; tablet_text_alignment=&#8221;default&#8221; phone_text_alignment=&#8221;default&#8221; background_color_opacity=&#8221;1&#8243; background_hover_color_opacity=&#8221;1&#8243;&#8230;<\/p>\n","protected":false},"author":1,"featured_media":0,"parent":0,"menu_order":28,"comment_status":"closed","ping_status":"closed","template":"","meta":{"footnotes":""},"class_list":["post-6273","page","type-page","status-publish"],"_links":{"self":[{"href":"https:\/\/micunco.it\/nuovo\/wp-json\/wp\/v2\/pages\/6273","targetHints":{"allow":["GET"]}}],"collection":[{"href":"https:\/\/micunco.it\/nuovo\/wp-json\/wp\/v2\/pages"}],"about":[{"href":"https:\/\/micunco.it\/nuovo\/wp-json\/wp\/v2\/types\/page"}],"author":[{"embeddable":true,"href":"https:\/\/micunco.it\/nuovo\/wp-json\/wp\/v2\/users\/1"}],"replies":[{"embeddable":true,"href":"https:\/\/micunco.it\/nuovo\/wp-json\/wp\/v2\/comments?post=6273"}],"version-history":[{"count":5,"href":"https:\/\/micunco.it\/nuovo\/wp-json\/wp\/v2\/pages\/6273\/revisions"}],"predecessor-version":[{"id":8794,"href":"https:\/\/micunco.it\/nuovo\/wp-json\/wp\/v2\/pages\/6273\/revisions\/8794"}],"wp:attachment":[{"href":"https:\/\/micunco.it\/nuovo\/wp-json\/wp\/v2\/media?parent=6273"}],"curies":[{"name":"wp","href":"https:\/\/api.w.org\/{rel}","templated":true}]}}